{"id":9,"date":"2025-09-24T16:25:40","date_gmt":"2025-09-24T16:25:40","guid":{"rendered":"https:\/\/peluqueriayolandairanzo.rkinformatika.online\/?page_id=9"},"modified":"2025-11-14T12:16:34","modified_gmt":"2025-11-14T12:16:34","slug":"inicio","status":"publish","type":"page","link":"https:\/\/peluqueriayolandairanzo.es\/ca\/","title":{"rendered":"Inici"},"content":{"rendered":"<div data-elementor-type=\"wp-page\" data-elementor-id=\"9\" class=\"elementor elementor-9\" data-elementor-post-type=\"page\">\n\t\t\t\t<div class=\"elementor-element elementor-element-9960398 e-flex e-con-boxed e-con e-parent\" data-id=\"9960398\" data-element_type=\"container\" data-e-type=\"container\" data-settings=\"{&quot;background_background&quot;:&quot;classic&quot;}\">\n\t\t\t\t\t<div class=\"e-con-inner\">\n\t\t\t\t<div class=\"elementor-element elementor-element-9220fe9 elementor-invisible elementor-widget elementor-widget-heading\" data-id=\"9220fe9\" data-element_type=\"widget\" data-e-type=\"widget\" data-settings=\"{&quot;_animation&quot;:&quot;fadeInLeft&quot;}\" data-widget_type=\"heading.default\">\n\t\t\t\t\t<h2 class=\"elementor-heading-title elementor-size-default\">Yolanda Iranzo<\/h2>\t\t\t\t<\/div>\n\t\t\t\t<div class=\"elementor-element elementor-element-42aab69 elementor-invisible elementor-widget elementor-widget-text-editor\" data-id=\"42aab69\" data-element_type=\"widget\" data-e-type=\"widget\" data-settings=\"{&quot;_animation&quot;:&quot;fadeInUp&quot;}\" data-widget_type=\"text-editor.default\">\n\t\t\t\t\t\t\t\t\t<p>Perruqueria i est\u00e8tica<\/p>\t\t\t\t\t\t\t\t<\/div>\n\t\t\t\t\t<\/div>\n\t\t\t\t<\/div>\n\t\t<div class=\"elementor-element elementor-element-e6bbd84 e-flex e-con-boxed e-con e-parent\" data-id=\"e6bbd84\" data-element_type=\"container\" data-e-type=\"container\" data-settings=\"{&quot;background_background&quot;:&quot;classic&quot;}\">\n\t\t\t\t\t<div class=\"e-con-inner\">\n\t\t<div class=\"elementor-element elementor-element-4607230 e-con-full e-flex e-con e-child\" data-id=\"4607230\" data-element_type=\"container\" data-e-type=\"container\">\n\t\t\t\t<div class=\"elementor-element elementor-element-d9e1e4f elementor-widget elementor-widget-heading\" data-id=\"d9e1e4f\" data-element_type=\"widget\" data-e-type=\"widget\" data-widget_type=\"heading.default\">\n\t\t\t\t\t<h2 class=\"elementor-heading-title elementor-size-default\">Sobre Nosaltres<\/h2>\t\t\t\t<\/div>\n\t\t\t\t<div class=\"elementor-element elementor-element-0b94d52 elementor-widget elementor-widget-text-editor\" data-id=\"0b94d52\" data-element_type=\"widget\" data-e-type=\"widget\" data-widget_type=\"text-editor.default\">\n\t\t\t\t\t\t\t\t\t<p>Hola, s\u00f3c Yolanda Iranzo, porto 41 anys d'estilista, vaig arribar de Barcelona el 2004 i vaig crear el meu negoci amb la visi\u00f3 de seguir formant-me per oferir el millor servei i cura personalitzada als meus clients i cr\u00e9ixer professionalment.<\/p><p>Treballem amb productes naturals de Biokera (Salerm Cosmetics), pensats per cuidar el teu cabell de forma saludable, protegint-lo i respectant-ne l'estructura natural.<\/p><p>Combinem cosm\u00e8tica de qualitat amb t\u00e8cniques d'\u00faltima generaci\u00f3 perqu\u00e8 els cabells es regenerin des de dins cap a fora.<\/p>\t\t\t\t\t\t\t\t<\/div>\n\t\t\t\t<\/div>\n\t\t<div class=\"elementor-element elementor-element-c228682 e-con-full e-flex e-con e-child\" data-id=\"c228682\" data-element_type=\"container\" data-e-type=\"container\">\n\t\t\t\t<div class=\"elementor-element elementor-element-8430809 elementor-widget elementor-widget-image\" data-id=\"8430809\" data-element_type=\"widget\" data-e-type=\"widget\" data-widget_type=\"image.default\">\n\t\t\t\t\t\t\t\t\t\t\t\t\t\t\t<img fetchpriority=\"high\" decoding=\"async\" width=\"800\" height=\"924\" src=\"https:\/\/peluqueriayolandairanzo.es\/wp-content\/uploads\/2025\/11\/IMG-20250923-WA0008-Yolanda-Iranzo-Diaz-887x1024.jpg\" class=\"attachment-large size-large wp-image-131\" alt=\"\" srcset=\"https:\/\/peluqueriayolandairanzo.es\/wp-content\/uploads\/2025\/11\/IMG-20250923-WA0008-Yolanda-Iranzo-Diaz-887x1024.jpg 887w, https:\/\/peluqueriayolandairanzo.es\/wp-content\/uploads\/2025\/11\/IMG-20250923-WA0008-Yolanda-Iranzo-Diaz-260x300.jpg 260w, https:\/\/peluqueriayolandairanzo.es\/wp-content\/uploads\/2025\/11\/IMG-20250923-WA0008-Yolanda-Iranzo-Diaz-768x887.jpg 768w, https:\/\/peluqueriayolandairanzo.es\/wp-content\/uploads\/2025\/11\/IMG-20250923-WA0008-Yolanda-Iranzo-Diaz-10x12.jpg 10w, https:\/\/peluqueriayolandairanzo.es\/wp-content\/uploads\/2025\/11\/IMG-20250923-WA0008-Yolanda-Iranzo-Diaz.jpg 1080w\" sizes=\"(max-width: 800px) 100vw, 800px\" \/>\t\t\t\t\t\t\t\t\t\t\t\t\t\t\t<\/div>\n\t\t\t\t<\/div>\n\t\t\t\t\t<\/div>\n\t\t\t\t<\/div>\n\t\t<div class=\"elementor-element elementor-element-7b5d928 e-con-full e-flex e-con e-parent\" data-id=\"7b5d928\" data-element_type=\"container\" data-e-type=\"container\" data-settings=\"{&quot;background_background&quot;:&quot;classic&quot;}\">\n\t\t\t\t<div class=\"elementor-element elementor-element-bb5f197 elementor-cta--skin-cover elementor-widget__width-inherit elementor-animated-content elementor-bg-transform elementor-bg-transform-zoom-in elementor-widget elementor-widget-call-to-action\" data-id=\"bb5f197\" data-element_type=\"widget\" data-e-type=\"widget\" data-widget_type=\"call-to-action.default\">\n\t\t\t\t\t\t\t<div class=\"elementor-cta\">\n\t\t\t\t\t<div class=\"elementor-cta__bg-wrapper\">\n\t\t\t\t<div class=\"elementor-cta__bg elementor-bg\" style=\"background-image: url(https:\/\/peluqueriayolandairanzo.es\/wp-content\/uploads\/2025\/11\/7398-1024x683.jpg);\" role=\"img\" aria-label=\"7398\"><\/div>\n\t\t\t\t<div class=\"elementor-cta__bg-overlay\"><\/div>\n\t\t\t<\/div>\n\t\t\t\t\t\t\t<div class=\"elementor-cta__content\">\n\t\t\t\t\n\t\t\t\t\t\t\t\t\t<h2 class=\"elementor-cta__title elementor-cta__content-item elementor-content-item elementor-animated-item--grow\">\n\t\t\t\t\t\tOferim tant tractaments capil\u00b7lars com facials i corporals\t\t\t\t\t<\/h2>\n\t\t\t\t\n\t\t\t\t\t\t\t\t\t<div class=\"elementor-cta__description elementor-cta__content-item elementor-content-item elementor-animated-item--grow\">\n\t\t\t\t\t\tTamb\u00e9 maquillatge, depilaci\u00f3, manicura semi i tradicional.\t\t\t\t\t<\/div>\n\t\t\t\t\n\t\t\t\t\t\t\t\t\t<div class=\"elementor-cta__button-wrapper elementor-cta__content-item elementor-content-item elementor-animated-item--grow\">\n\t\t\t\t\t<a class=\"elementor-cta__button elementor-button elementor-size-\" href=\"https:\/\/peluqueriayolandairanzo.es\/ca\/servicios\/\">\n\t\t\t\t\t\tSERVEIS\t\t\t\t\t<\/a>\n\t\t\t\t\t<\/div>\n\t\t\t\t\t\t\t<\/div>\n\t\t\t\t\t\t<\/div>\n\t\t\t\t\t\t<\/div>\n\t\t\t\t<\/div>\n\t\t\t\t<\/div>","protected":false},"excerpt":{"rendered":"<p>Yolanda Iranzo Peluquer\u00eda y est\u00e9tica Sobre Nosotros Hola, soy Yolanda Iranzo, llevo 41 a\u00f1os de estilista, llegu\u00e9 de Barcelona en el 2004 y cree mi negocio con la visi\u00f3n de seguir form\u00e1ndome para ofrecer el mejor servicio y cuidado personalizado a mis clientes y crecer profesionalmente. Trabajamos con productos naturales de Biokera (Salerm Cosmetics), pensados [&hellip;]<\/p>\n","protected":false},"author":1,"featured_media":0,"parent":0,"menu_order":0,"comment_status":"closed","ping_status":"closed","template":"elementor_canvas","meta":{"footnotes":""},"class_list":["post-9","page","type-page","status-publish","hentry"],"yoast_head":"<!-- This site is optimized with the Yoast SEO plugin v27.5 - https:\/\/yoast.com\/product\/yoast-seo-wordpress\/ -->\n<title>Inicio - Peluquer\u00eda Yolanda Iranzo<\/title>\n<meta name=\"robots\" content=\"index, follow, max-snippet:-1, max-image-preview:large, max-video-preview:-1\" \/>\n<link rel=\"canonical\" href=\"https:\/\/peluqueriayolandairanzo.es\/ca\/\" \/>\n<meta property=\"og:locale\" content=\"ca_ES\" \/>\n<meta property=\"og:type\" content=\"article\" \/>\n<meta property=\"og:title\" content=\"Inicio - Peluquer\u00eda Yolanda Iranzo\" \/>\n<meta property=\"og:description\" content=\"Yolanda Iranzo Peluquer\u00eda y est\u00e9tica Sobre Nosotros Hola, soy Yolanda Iranzo, llevo 41 a\u00f1os de estilista, llegu\u00e9 de Barcelona en el 2004 y cree mi negocio con la visi\u00f3n de seguir form\u00e1ndome para ofrecer el mejor servicio y cuidado personalizado a mis clientes y crecer profesionalmente. Trabajamos con productos naturales de Biokera (Salerm Cosmetics), pensados [&hellip;]\" \/>\n<meta property=\"og:url\" content=\"https:\/\/peluqueriayolandairanzo.es\/ca\/\" \/>\n<meta property=\"og:site_name\" content=\"Peluquer\u00eda Yolanda Iranzo\" \/>\n<meta property=\"article:modified_time\" content=\"2025-11-14T12:16:34+00:00\" \/>\n<meta property=\"og:image\" content=\"https:\/\/peluqueriayolandairanzo.es\/wp-content\/uploads\/2025\/11\/IMG-20250923-WA0008-Yolanda-Iranzo-Diaz-887x1024.jpg\" \/>\n<meta name=\"twitter:card\" content=\"summary_large_image\" \/>\n<meta name=\"twitter:label1\" content=\"Temps estimat de lectura\" \/>\n\t<meta name=\"twitter:data1\" content=\"1 minut\" \/>\n<script type=\"application\/ld+json\" class=\"yoast-schema-graph\">{\"@context\":\"https:\\\/\\\/schema.org\",\"@graph\":[{\"@type\":\"WebPage\",\"@id\":\"https:\\\/\\\/peluqueriayolandairanzo.es\\\/\",\"url\":\"https:\\\/\\\/peluqueriayolandairanzo.es\\\/\",\"name\":\"Inicio - Peluquer\u00eda Yolanda Iranzo\",\"isPartOf\":{\"@id\":\"https:\\\/\\\/peluqueriayolandairanzo.es\\\/#website\"},\"primaryImageOfPage\":{\"@id\":\"https:\\\/\\\/peluqueriayolandairanzo.es\\\/#primaryimage\"},\"image\":{\"@id\":\"https:\\\/\\\/peluqueriayolandairanzo.es\\\/#primaryimage\"},\"thumbnailUrl\":\"https:\\\/\\\/peluqueriayolandairanzo.es\\\/wp-content\\\/uploads\\\/2025\\\/11\\\/IMG-20250923-WA0008-Yolanda-Iranzo-Diaz-887x1024.jpg\",\"datePublished\":\"2025-09-24T16:25:40+00:00\",\"dateModified\":\"2025-11-14T12:16:34+00:00\",\"breadcrumb\":{\"@id\":\"https:\\\/\\\/peluqueriayolandairanzo.es\\\/#breadcrumb\"},\"inLanguage\":\"ca\",\"potentialAction\":[{\"@type\":\"ReadAction\",\"target\":[\"https:\\\/\\\/peluqueriayolandairanzo.es\\\/\"]}]},{\"@type\":\"ImageObject\",\"inLanguage\":\"ca\",\"@id\":\"https:\\\/\\\/peluqueriayolandairanzo.es\\\/#primaryimage\",\"url\":\"https:\\\/\\\/peluqueriayolandairanzo.es\\\/wp-content\\\/uploads\\\/2025\\\/11\\\/IMG-20250923-WA0008-Yolanda-Iranzo-Diaz-887x1024.jpg\",\"contentUrl\":\"https:\\\/\\\/peluqueriayolandairanzo.es\\\/wp-content\\\/uploads\\\/2025\\\/11\\\/IMG-20250923-WA0008-Yolanda-Iranzo-Diaz-887x1024.jpg\"},{\"@type\":\"BreadcrumbList\",\"@id\":\"https:\\\/\\\/peluqueriayolandairanzo.es\\\/#breadcrumb\",\"itemListElement\":[{\"@type\":\"ListItem\",\"position\":1,\"name\":\"Portada\",\"item\":\"https:\\\/\\\/peluqueriayolandairanzo.es\\\/\"},{\"@type\":\"ListItem\",\"position\":2,\"name\":\"Inicio\"}]},{\"@type\":\"WebSite\",\"@id\":\"https:\\\/\\\/peluqueriayolandairanzo.es\\\/#website\",\"url\":\"https:\\\/\\\/peluqueriayolandairanzo.es\\\/\",\"name\":\"Peluquer\u00eda Yolanda Iranzo\",\"description\":\"Peluquer\u00eda\",\"publisher\":{\"@id\":\"https:\\\/\\\/peluqueriayolandairanzo.es\\\/#organization\"},\"potentialAction\":[{\"@type\":\"SearchAction\",\"target\":{\"@type\":\"EntryPoint\",\"urlTemplate\":\"https:\\\/\\\/peluqueriayolandairanzo.es\\\/?s={search_term_string}\"},\"query-input\":{\"@type\":\"PropertyValueSpecification\",\"valueRequired\":true,\"valueName\":\"search_term_string\"}}],\"inLanguage\":\"ca\"},{\"@type\":\"Organization\",\"@id\":\"https:\\\/\\\/peluqueriayolandairanzo.es\\\/#organization\",\"name\":\"Peluquer\u00eda Yolanda Iranzo\",\"url\":\"https:\\\/\\\/peluqueriayolandairanzo.es\\\/\",\"logo\":{\"@type\":\"ImageObject\",\"inLanguage\":\"ca\",\"@id\":\"https:\\\/\\\/peluqueriayolandairanzo.es\\\/#\\\/schema\\\/logo\\\/image\\\/\",\"url\":\"https:\\\/\\\/peluqueriayolandairanzo.es\\\/wp-content\\\/uploads\\\/2025\\\/11\\\/cropped-Diseno-sin-titulo.png\",\"contentUrl\":\"https:\\\/\\\/peluqueriayolandairanzo.es\\\/wp-content\\\/uploads\\\/2025\\\/11\\\/cropped-Diseno-sin-titulo.png\",\"width\":456,\"height\":412,\"caption\":\"Peluquer\u00eda Yolanda Iranzo\"},\"image\":{\"@id\":\"https:\\\/\\\/peluqueriayolandairanzo.es\\\/#\\\/schema\\\/logo\\\/image\\\/\"}}]}<\/script>\n<!-- \/ Yoast SEO plugin. -->","yoast_head_json":{"title":"Inicio - Peluquer\u00eda Yolanda Iranzo","robots":{"index":"index","follow":"follow","max-snippet":"max-snippet:-1","max-image-preview":"max-image-preview:large","max-video-preview":"max-video-preview:-1"},"canonical":"https:\/\/peluqueriayolandairanzo.es\/ca\/","og_locale":"ca_ES","og_type":"article","og_title":"Inicio - Peluquer\u00eda Yolanda Iranzo","og_description":"Yolanda Iranzo Peluquer\u00eda y est\u00e9tica Sobre Nosotros Hola, soy Yolanda Iranzo, llevo 41 a\u00f1os de estilista, llegu\u00e9 de Barcelona en el 2004 y cree mi negocio con la visi\u00f3n de seguir form\u00e1ndome para ofrecer el mejor servicio y cuidado personalizado a mis clientes y crecer profesionalmente. Trabajamos con productos naturales de Biokera (Salerm Cosmetics), pensados [&hellip;]","og_url":"https:\/\/peluqueriayolandairanzo.es\/ca\/","og_site_name":"Peluquer\u00eda Yolanda Iranzo","article_modified_time":"2025-11-14T12:16:34+00:00","og_image":[{"url":"https:\/\/peluqueriayolandairanzo.es\/wp-content\/uploads\/2025\/11\/IMG-20250923-WA0008-Yolanda-Iranzo-Diaz-887x1024.jpg","type":"","width":"","height":""}],"twitter_card":"summary_large_image","twitter_misc":{"Temps estimat de lectura":"1 minut"},"schema":{"@context":"https:\/\/schema.org","@graph":[{"@type":"WebPage","@id":"https:\/\/peluqueriayolandairanzo.es\/","url":"https:\/\/peluqueriayolandairanzo.es\/","name":"Inicio - Peluquer\u00eda Yolanda Iranzo","isPartOf":{"@id":"https:\/\/peluqueriayolandairanzo.es\/#website"},"primaryImageOfPage":{"@id":"https:\/\/peluqueriayolandairanzo.es\/#primaryimage"},"image":{"@id":"https:\/\/peluqueriayolandairanzo.es\/#primaryimage"},"thumbnailUrl":"https:\/\/peluqueriayolandairanzo.es\/wp-content\/uploads\/2025\/11\/IMG-20250923-WA0008-Yolanda-Iranzo-Diaz-887x1024.jpg","datePublished":"2025-09-24T16:25:40+00:00","dateModified":"2025-11-14T12:16:34+00:00","breadcrumb":{"@id":"https:\/\/peluqueriayolandairanzo.es\/#breadcrumb"},"inLanguage":"ca","potentialAction":[{"@type":"ReadAction","target":["https:\/\/peluqueriayolandairanzo.es\/"]}]},{"@type":"ImageObject","inLanguage":"ca","@id":"https:\/\/peluqueriayolandairanzo.es\/#primaryimage","url":"https:\/\/peluqueriayolandairanzo.es\/wp-content\/uploads\/2025\/11\/IMG-20250923-WA0008-Yolanda-Iranzo-Diaz-887x1024.jpg","contentUrl":"https:\/\/peluqueriayolandairanzo.es\/wp-content\/uploads\/2025\/11\/IMG-20250923-WA0008-Yolanda-Iranzo-Diaz-887x1024.jpg"},{"@type":"BreadcrumbList","@id":"https:\/\/peluqueriayolandairanzo.es\/#breadcrumb","itemListElement":[{"@type":"ListItem","position":1,"name":"Portada","item":"https:\/\/peluqueriayolandairanzo.es\/"},{"@type":"ListItem","position":2,"name":"Inicio"}]},{"@type":"WebSite","@id":"https:\/\/peluqueriayolandairanzo.es\/#website","url":"https:\/\/peluqueriayolandairanzo.es\/","name":"Peluquer\u00eda Yolanda Iranzo","description":"Peluquer\u00eda","publisher":{"@id":"https:\/\/peluqueriayolandairanzo.es\/#organization"},"potentialAction":[{"@type":"SearchAction","target":{"@type":"EntryPoint","urlTemplate":"https:\/\/peluqueriayolandairanzo.es\/?s={search_term_string}"},"query-input":{"@type":"PropertyValueSpecification","valueRequired":true,"valueName":"search_term_string"}}],"inLanguage":"ca"},{"@type":"Organization","@id":"https:\/\/peluqueriayolandairanzo.es\/#organization","name":"Peluquer\u00eda Yolanda Iranzo","url":"https:\/\/peluqueriayolandairanzo.es\/","logo":{"@type":"ImageObject","inLanguage":"ca","@id":"https:\/\/peluqueriayolandairanzo.es\/#\/schema\/logo\/image\/","url":"https:\/\/peluqueriayolandairanzo.es\/wp-content\/uploads\/2025\/11\/cropped-Diseno-sin-titulo.png","contentUrl":"https:\/\/peluqueriayolandairanzo.es\/wp-content\/uploads\/2025\/11\/cropped-Diseno-sin-titulo.png","width":456,"height":412,"caption":"Peluquer\u00eda Yolanda Iranzo"},"image":{"@id":"https:\/\/peluqueriayolandairanzo.es\/#\/schema\/logo\/image\/"}}]}},"_links":{"self":[{"href":"https:\/\/peluqueriayolandairanzo.es\/ca\/wp-json\/wp\/v2\/pages\/9","targetHints":{"allow":["GET"]}}],"collection":[{"href":"https:\/\/peluqueriayolandairanzo.es\/ca\/wp-json\/wp\/v2\/pages"}],"about":[{"href":"https:\/\/peluqueriayolandairanzo.es\/ca\/wp-json\/wp\/v2\/types\/page"}],"author":[{"embeddable":true,"href":"https:\/\/peluqueriayolandairanzo.es\/ca\/wp-json\/wp\/v2\/users\/1"}],"replies":[{"embeddable":true,"href":"https:\/\/peluqueriayolandairanzo.es\/ca\/wp-json\/wp\/v2\/comments?post=9"}],"version-history":[{"count":79,"href":"https:\/\/peluqueriayolandairanzo.es\/ca\/wp-json\/wp\/v2\/pages\/9\/revisions"}],"predecessor-version":[{"id":334,"href":"https:\/\/peluqueriayolandairanzo.es\/ca\/wp-json\/wp\/v2\/pages\/9\/revisions\/334"}],"wp:attachment":[{"href":"https:\/\/peluqueriayolandairanzo.es\/ca\/wp-json\/wp\/v2\/media?parent=9"}],"curies":[{"name":"wp","href":"https:\/\/api.w.org\/{rel}","templated":true}]}}